{"id":118513,"date":"2017-11-17T14:37:59","date_gmt":"2017-11-17T20:37:59","guid":{"rendered":"https:\/\/www.mastemporadaalta.com\/?page_id=118513"},"modified":"2017-11-17T14:43:38","modified_gmt":"2017-11-17T20:43:38","slug":"cto-horiany-contreras","status":"publish","type":"page","link":"https:\/\/www.mastemporadaalta.com\/en\/cto-horiany-contreras\/","title":{"rendered":"CTO. Horiany Contreras"},"content":{"rendered":"<p>[et_pb_section bb_built=&#8221;1&#8243; _builder_version=&#8221;3.0.76&#8243;][et_pb_row _builder_version=&#8221;3.0.76&#8243; animation_style=&#8221;fade&#8221;][et_pb_column type=&#8221;4_4&#8243;][et_pb_team_member admin_label=&#8221;person-ceo&#8221; name=&#8221;Ing. Horiany Contreras&#8221; position=&#8221;CTO&#8221; image_url=&#8221;https:\/\/www.mastemporadaalta.com\/wp-content\/uploads\/2017\/09\/h.jpg&#8221; facebook_url=&#8221;#&#8221; twitter_url=&#8221;#&#8221; google_url=&#8221;#&#8221; linkedin_url=&#8221;#&#8221; icon_color=&#8221;#ffffff&#8221; _builder_version=&#8221;3.0.76&#8243; header_font=&#8221;|on|||&#8221; header_text_align=&#8221;left&#8221; header_font_size=&#8221;31px&#8221; header_text_color=&#8221;#4d8585&#8243; header_line_height=&#8221;1.6em&#8221; body_font_size=&#8221;15px&#8221; background_color=&#8221;#ffffff&#8221; custom_padding=&#8221;|||&#8221; animation_style=&#8221;zoom&#8221; animation_delay=&#8221;100ms&#8221; animation_intensity_zoom=&#8221;1%&#8221; background_layout=&#8221;light&#8221; border_style=&#8221;solid&#8221;]<\/p>\n<p>More than 11 years in the area of Web Design, User Experience and Digital Marketing Instructor at <a href=\"http:\/\/www.ula.ve\/diplomado-estrategia-diseno-informacion\/informacion-general-estudiar-diseno-web-venezuela\/facilitadores\/21-horiany-contreras\">Universidad de Los Andes <\/a>and <a href=\"http:\/\/institutodecomerciodigital.com\">Instituto de Comercio Digital<\/a>.<br \/>\nIn 2006, she already advised experts in the tourism sector in terms of their digital activity.<br \/>\nHer favourite phrase: \u201cDone is better than perfect.\u201d<\/p>\n<p>[\/et_pb_team_member][\/et_pb_column][\/et_pb_row][et_pb_row _builder_version=&#8221;3.0.76&#8243;][et_pb_column type=&#8221;4_4&#8243;][\/et_pb_column][\/et_pb_row][\/et_pb_section]<\/p>\n<span class=\"et_bloom_bottom_trigger\"><\/span>","protected":false},"excerpt":{"rendered":"<p>More than 11 years in the area of Web Design, User Experience and Digital Marketing Instructor at Universidad de Los Andes and Instituto de Comercio Digital. In 2006, she already advised experts in the tourism sector in terms of their digital activity. Her favourite phrase: \u201cDone is better than perfect.\u201d<\/p>\n","protected":false},"author":1,"featured_media":0,"parent":0,"menu_order":0,"comment_status":"closed","ping_status":"closed","template":"","meta":{"_et_pb_use_builder":"on","_et_pb_old_content":"<p>Desde muy joven le apasion\u00f3 la docencia y la tecnolog\u00eda, se inclin\u00f3 en sus estudios de pregrado por esta \u00faltima, obteniendo su t\u00edtulo de Ingeniera de Sistemas, sin embargo, logr\u00f3 fusionar estas dos \u00e1reas de conocimiento al hacerse docente universitaria. Dentro de la Universidad de Los Andes en M\u00e9rida Venezuela, logr\u00f3 desarrollar m\u00faltiples ideas en materia de tecnolog\u00eda y educaci\u00f3n, liderando proyectos de tecnolog\u00eda educativa, acortando las entre el conocimiento y que desea aprender. Fortaleciendo sus potencialidades obtuvo su Doctorado en Gerencia Avanzada implementando mecanismos para la gesti\u00f3n de las organizaciones de los tiempos actuales, orientando ahora, sus competencias gerenciales a favor de los emprendimientos digitales, sin descuidar el campo educativo. Muchos fueron los proyectos consolidados dentro de la Universidad de Los Andes, la creaci\u00f3n de una plataforma de aprendizaje abierto y en l\u00ednea ulaX, liderando el equipo de la Maestr\u00eda en Educaci\u00f3n menci\u00f3n Inform\u00e1tica y Dise\u00f1o Instruccional, donde logr\u00f3 consolidar el perfil profesional de los egresados con una visi\u00f3n complementaria de la educaci\u00f3n mediada por la tecnolog\u00eda. Su permanente af\u00e1n de innovaci\u00f3n le permiti\u00f3 junto con su m\u00e1s cercana pupila generar sistemas de formaci\u00f3n en materia del dise\u00f1o Web centrado totalmente en el usuario, partiendo de los principios de la psicolog\u00eda del aprendizaje y del uso de la tecnolog\u00eda, de esta manera logra consolidar estructuras y dise\u00f1os que favorecen la experiencia del usuario dentro de cada Web dise\u00f1ada.<\/p>","_et_gb_content_width":""},"yoast_head":"<!-- This site is optimized with the Yoast SEO plugin v19.0 - https:\/\/yoast.com\/wordpress\/plugins\/seo\/ -->\n<title>CTO. Horiany Contreras - mastemporadaalta.com<\/title>\n<meta name=\"robots\" content=\"index, follow, max-snippet:-1, max-image-preview:large, max-video-preview:-1\" \/>\n<link rel=\"canonical\" href=\"https:\/\/www.mastemporadaalta.com\/en\/cto-horiany-contreras\/\" \/>\n<meta property=\"og:locale\" content=\"en_US\" \/>\n<meta property=\"og:type\" content=\"article\" \/>\n<meta property=\"og:title\" content=\"CTO. Horiany Contreras - mastemporadaalta.com\" \/>\n<meta property=\"og:description\" content=\"More than 11 years in the area of Web Design, User Experience and Digital Marketing Instructor at Universidad de Los Andes and Instituto de Comercio Digital. In 2006, she already advised experts in the tourism sector in terms of their digital activity. Her favourite phrase: \u201cDone is better than perfect.\u201d\" \/>\n<meta property=\"og:url\" content=\"https:\/\/www.mastemporadaalta.com\/en\/cto-horiany-contreras\/\" \/>\n<meta property=\"og:site_name\" content=\"mastemporadaalta.com\" \/>\n<meta property=\"article:modified_time\" content=\"2017-11-17T20:43:38+00:00\" \/>\n<meta name=\"twitter:card\" content=\"summary_large_image\" \/>\n<meta name=\"twitter:label1\" content=\"Est. reading time\" \/>\n\t<meta name=\"twitter:data1\" content=\"1 minute\" \/>\n<script type=\"application\/ld+json\" class=\"yoast-schema-graph\">{\"@context\":\"https:\/\/schema.org\",\"@graph\":[{\"@type\":\"WebSite\",\"@id\":\"https:\/\/www.mastemporadaalta.com\/#website\",\"url\":\"https:\/\/www.mastemporadaalta.com\/\",\"name\":\"mastemporadaalta.com\",\"description\":\"Marketing Digital para Empresas de Turismo\",\"potentialAction\":[{\"@type\":\"SearchAction\",\"target\":{\"@type\":\"EntryPoint\",\"urlTemplate\":\"https:\/\/www.mastemporadaalta.com\/?s={search_term_string}\"},\"query-input\":\"required name=search_term_string\"}],\"inLanguage\":\"en-US\"},{\"@type\":\"WebPage\",\"@id\":\"https:\/\/www.mastemporadaalta.com\/en\/cto-horiany-contreras\/#webpage\",\"url\":\"https:\/\/www.mastemporadaalta.com\/en\/cto-horiany-contreras\/\",\"name\":\"CTO. Horiany Contreras - mastemporadaalta.com\",\"isPartOf\":{\"@id\":\"https:\/\/www.mastemporadaalta.com\/#website\"},\"datePublished\":\"2017-11-17T20:37:59+00:00\",\"dateModified\":\"2017-11-17T20:43:38+00:00\",\"breadcrumb\":{\"@id\":\"https:\/\/www.mastemporadaalta.com\/en\/cto-horiany-contreras\/#breadcrumb\"},\"inLanguage\":\"en-US\",\"potentialAction\":[{\"@type\":\"ReadAction\",\"target\":[\"https:\/\/www.mastemporadaalta.com\/en\/cto-horiany-contreras\/\"]}]},{\"@type\":\"BreadcrumbList\",\"@id\":\"https:\/\/www.mastemporadaalta.com\/en\/cto-horiany-contreras\/#breadcrumb\",\"itemListElement\":[{\"@type\":\"ListItem\",\"position\":1,\"name\":\"Home\",\"item\":\"https:\/\/www.mastemporadaalta.com\/\"},{\"@type\":\"ListItem\",\"position\":2,\"name\":\"CTO. Horiany Contreras\"}]}]}<\/script>\n<!-- \/ Yoast SEO plugin. -->","yoast_head_json":{"title":"CTO. Horiany Contreras - mastemporadaalta.com","robots":{"index":"index","follow":"follow","max-snippet":"max-snippet:-1","max-image-preview":"max-image-preview:large","max-video-preview":"max-video-preview:-1"},"canonical":"https:\/\/www.mastemporadaalta.com\/en\/cto-horiany-contreras\/","og_locale":"en_US","og_type":"article","og_title":"CTO. Horiany Contreras - mastemporadaalta.com","og_description":"More than 11 years in the area of Web Design, User Experience and Digital Marketing Instructor at Universidad de Los Andes and Instituto de Comercio Digital. In 2006, she already advised experts in the tourism sector in terms of their digital activity. Her favourite phrase: \u201cDone is better than perfect.\u201d","og_url":"https:\/\/www.mastemporadaalta.com\/en\/cto-horiany-contreras\/","og_site_name":"mastemporadaalta.com","article_modified_time":"2017-11-17T20:43:38+00:00","twitter_card":"summary_large_image","twitter_misc":{"Est. reading time":"1 minute"},"schema":{"@context":"https:\/\/schema.org","@graph":[{"@type":"WebSite","@id":"https:\/\/www.mastemporadaalta.com\/#website","url":"https:\/\/www.mastemporadaalta.com\/","name":"mastemporadaalta.com","description":"Marketing Digital para Empresas de Turismo","potentialAction":[{"@type":"SearchAction","target":{"@type":"EntryPoint","urlTemplate":"https:\/\/www.mastemporadaalta.com\/?s={search_term_string}"},"query-input":"required name=search_term_string"}],"inLanguage":"en-US"},{"@type":"WebPage","@id":"https:\/\/www.mastemporadaalta.com\/en\/cto-horiany-contreras\/#webpage","url":"https:\/\/www.mastemporadaalta.com\/en\/cto-horiany-contreras\/","name":"CTO. Horiany Contreras - mastemporadaalta.com","isPartOf":{"@id":"https:\/\/www.mastemporadaalta.com\/#website"},"datePublished":"2017-11-17T20:37:59+00:00","dateModified":"2017-11-17T20:43:38+00:00","breadcrumb":{"@id":"https:\/\/www.mastemporadaalta.com\/en\/cto-horiany-contreras\/#breadcrumb"},"inLanguage":"en-US","potentialAction":[{"@type":"ReadAction","target":["https:\/\/www.mastemporadaalta.com\/en\/cto-horiany-contreras\/"]}]},{"@type":"BreadcrumbList","@id":"https:\/\/www.mastemporadaalta.com\/en\/cto-horiany-contreras\/#breadcrumb","itemListElement":[{"@type":"ListItem","position":1,"name":"Home","item":"https:\/\/www.mastemporadaalta.com\/"},{"@type":"ListItem","position":2,"name":"CTO. Horiany Contreras"}]}]}},"_links":{"self":[{"href":"https:\/\/www.mastemporadaalta.com\/en\/wp-json\/wp\/v2\/pages\/118513"}],"collection":[{"href":"https:\/\/www.mastemporadaalta.com\/en\/wp-json\/wp\/v2\/pages"}],"about":[{"href":"https:\/\/www.mastemporadaalta.com\/en\/wp-json\/wp\/v2\/types\/page"}],"author":[{"embeddable":true,"href":"https:\/\/www.mastemporadaalta.com\/en\/wp-json\/wp\/v2\/users\/1"}],"replies":[{"embeddable":true,"href":"https:\/\/www.mastemporadaalta.com\/en\/wp-json\/wp\/v2\/comments?post=118513"}],"version-history":[{"count":3,"href":"https:\/\/www.mastemporadaalta.com\/en\/wp-json\/wp\/v2\/pages\/118513\/revisions"}],"predecessor-version":[{"id":118516,"href":"https:\/\/www.mastemporadaalta.com\/en\/wp-json\/wp\/v2\/pages\/118513\/revisions\/118516"}],"wp:attachment":[{"href":"https:\/\/www.mastemporadaalta.com\/en\/wp-json\/wp\/v2\/media?parent=118513"}],"curies":[{"name":"wp","href":"https:\/\/api.w.org\/{rel}","templated":true}]}}